{"id":9046,"date":"2024-12-08T02:47:16","date_gmt":"2024-12-08T01:47:16","guid":{"rendered":"https:\/\/www.rontgen.com\/metod\/?page_id=9046"},"modified":"2025-12-13T13:40:37","modified_gmt":"2025-12-13T12:40:37","slug":"ultraljudsutbildning","status":"publish","type":"page","link":"https:\/\/www.rontgen.com\/metod\/ultraljudsutbildning\/","title":{"rendered":"Ultraljudsutbildning"},"content":{"rendered":"<p>Dessa beskrivningar av olika ultraljudstekniker \u00e4r utf\u00f6rd av <span style=\"color: #008080;\">Catherine Olsson<\/span>, diagnostic medical sonographer <span style=\"font-size: 10pt;\">(Helsingborgs lasarett)<\/span>, med m\u00e5nga \u00e5rs erfarenhet av ultraljudsunders\u00f6kningar.<\/p>\n<p><span style=\"font-size: 10pt; color: #008080;\">L\u00e4mna g\u00e4rna ett omd\u00f6me vad du tycker om den information om ultraljud vi har h\u00e4r&#8230;<\/span><br \/>\n<span style=\"font-size: 10pt; color: #008080;\">Du kan \u00e4ven skicka oss ett meddelande om dina \u00e5sikter nederst p\u00e5 sidan.<\/span><br \/>\n[ratemypost]<\/p>\n<hr \/>\n<p><span style=\"font-size: 18pt;\"><strong>Grunderna i dopplerteknik<\/strong><\/span><\/p>\n<p><a href=\"https:\/\/www.rontgen.com\/metod\/wp-content\/uploads\/2025\/12\/Ultraljud-dopplerteknik.pdf\" target=\"_blank\" rel=\"noopener\"><img loading=\"lazy\" decoding=\"async\" class=\"alignright wp-image-4673\" src=\"https:\/\/www.rontgen.com\/metod\/wp-content\/uploads\/2013\/06\/ulj_doppler_teknik-100x72.jpg\" alt=\"Ultraljud grunderna i dopplerteknik\" width=\"150\" height=\"109\" srcset=\"https:\/\/www.rontgen.com\/metod\/wp-content\/uploads\/2013\/06\/ulj_doppler_teknik-100x72.jpg 100w, https:\/\/www.rontgen.com\/metod\/wp-content\/uploads\/2013\/06\/ulj_doppler_teknik.jpg 160w\" sizes=\"auto, (max-width: 150px) 100vw, 150px\" \/><\/a>[<span style=\"color: #008080;\"><a style=\"color: #008080;\" href=\"https:\/\/www.rontgen.com\/metod\/wp-content\/uploads\/2025\/12\/Ultraljud-dopplerteknik.pdf\" target=\"_blank\" rel=\"noopener\">Grunder i dopplerteknik<\/a><\/span>] <span style=\"font-size: 10pt;\">(PDF, 7Mb)<\/span> av <span style=\"color: #008080;\">Catherine O<\/span><em>. <\/em>sonograf<em>.<\/em><\/p>\n<p><span style=\"color: #008080;\">Inneh\u00e5ll<\/span>:<\/p>\n<ul>\n<li>Lathund f\u00f6r f\u00e4rgdoppler<\/li>\n<li>Teknik med applikationer<\/li>\n<li>Portatrombos med standardbilder<\/li>\n<li>Fallpresentation<\/li>\n<li>Njurart\u00e4rstenos\/transplanterad njure<\/li>\n<li>&#8221;Tardusparvus&#8221; spektraldopplerkurva<\/li>\n<li>Tips<\/li>\n<\/ul>\n<hr \/>\n<p><span style=\"font-size: 18pt;\"><strong>Helsingborgs ultraljudsmetod<\/strong><\/span><\/p>\n<p><a href=\"https:\/\/www.rontgen.com\/metod\/wp-content\/uploads\/2025\/12\/helsingborgs_ultraljudsmetod.pdf\" target=\"_blank\" rel=\"noopener\"><img loading=\"lazy\" decoding=\"async\" class=\"alignright wp-image-2089\" src=\"https:\/\/www.rontgen.com\/metod\/wp-content\/uploads\/2013\/04\/ulj_hbg_metoden-100x71.jpg\" alt=\"Helsingborgsmetoden ultraljud\" width=\"150\" height=\"107\" srcset=\"https:\/\/www.rontgen.com\/metod\/wp-content\/uploads\/2013\/04\/ulj_hbg_metoden-100x71.jpg 100w, https:\/\/www.rontgen.com\/metod\/wp-content\/uploads\/2013\/04\/ulj_hbg_metoden.jpg 250w\" sizes=\"auto, (max-width: 150px) 100vw, 150px\" \/><\/a>[<a href=\"https:\/\/www.rontgen.com\/metod\/wp-content\/uploads\/2025\/12\/helsingborgs_ultraljudsmetod.pdf\" target=\"_blank\" rel=\"noopener\"><span style=\"color: #008080;\">Helsingborgs ultraljudsmetoden<\/span><\/a>] <span style=\"font-size: 10pt;\">(PDF, 25Mb)<\/span> av <span style=\"color: #008080;\">Catherine O.<\/span> sonograf <span style=\"font-size: 10pt;\">(2011)<\/span><em>.<\/em><\/p>\n<p align=\"left\">Metoden syftar till att ge struktur och st\u00f6d f\u00f6r nyb\u00f6rjare vid bukdiagnostik. Efter n\u00e5gra veckors kurs med handledare i ultraljudsteknik,-fysik, och Helsingborgsmetoden \u00e4r det meningen att unders\u00f6karen sj\u00e4lv ska kunna generera de standardbilder som metoden omfattar.<\/p>\n<p align=\"left\">Presentationen \u00e4r uppdelad i <span style=\"color: #008080;\">2 delar<\/span>:<\/p>\n<p><strong><span style=\"color: #008080;\">Del 1<\/span><\/strong><\/p>\n<ul>\n<li>Helsingborgs 20 standardbilder<\/li>\n<\/ul>\n<p>Njurarna inkluderas\/exkluderas beroende p\u00e5 fr\u00e5gest\u00e4llningen och unders\u00f6karen, ytterligare bilder tas vid patologi.<\/p>\n<p><strong><span style=\"color: #008080;\">Del 2<\/span><\/strong><\/p>\n<ul>\n<li>De 20 beskrivna bilderna med korrelerande patologi, transducerplacering och teknik.<\/li>\n<\/ul>\n<p align=\"left\">Unders\u00f6kningen utf\u00f6rs i samma systematiska ordning. D\u00e4rmed blir det l\u00e4ttare f\u00f6r unders\u00f6karen att k\u00e4nna igen de normala och l\u00e4ttare att uppt\u00e4cka, bevisa och dokumentera patologiska fynd.<\/p>\n<hr \/>\n<p align=\"left\"><span style=\"font-size: 18pt;\"><strong>Posterutst\u00e4llning om ultraljud<\/strong><\/span><\/p>\n<p><span style=\"color: #008080;\"><a style=\"color: #008080;\" href=\"https:\/\/www.rontgen.com\/bildmap\/index.php?gallery=Ultraljud\/Posterutstellning%20_Rontgenvecka_2005\" target=\"_blank\" rel=\"noopener\"><img loading=\"lazy\" decoding=\"async\" class=\"alignright wp-image-2098\" src=\"https:\/\/www.rontgen.com\/metod\/wp-content\/uploads\/2013\/04\/ulj_posteruts-89x100.jpg\" alt=\"Posterutst\u00e4llning\" width=\"150\" height=\"168\" srcset=\"https:\/\/www.rontgen.com\/metod\/wp-content\/uploads\/2013\/04\/ulj_posteruts-89x100.jpg 89w, https:\/\/www.rontgen.com\/metod\/wp-content\/uploads\/2013\/04\/ulj_posteruts.jpg 179w\" sizes=\"auto, (max-width: 150px) 100vw, 150px\" \/><\/a><\/span>[<span style=\"color: #008080;\"><a style=\"color: #008080;\" href=\"https:\/\/www.rontgen.com\/bildmap\/index.php?gallery=Ultraljud\/Posterutstellning%20_Rontgenvecka_2005\" target=\"_blank\" rel=\"noopener\">Posterutst\u00e4llning om ultraljud<\/a><\/span>], av <span style=\"color: #008080;\">Catherine O.<\/span><em> s<\/em>onograf.<\/p>\n<p><span style=\"color: #008080;\">Inneh\u00e5ll<\/span>:<\/p>\n<ul>\n<li>Posterutst\u00e4llning om ultraljud. R\u00f6ntgenveckan Malm\u00f6 2005, Nordisk Kongress Malm\u00f6 2007.<\/li>\n<\/ul>\n<hr \/>\n<p><span style=\"font-size: 18pt;\"><strong>Ultraljud njurteknik i labbet<\/strong><\/span><\/p>\n<p><a href=\"https:\/\/www.rontgen.com\/metod\/wp-content\/uploads\/2017\/03\/Ultraljud-njurteknik-i-labbet.pdf\" target=\"_blank\" rel=\"noopener\"><img loading=\"lazy\" decoding=\"async\" class=\"alignright wp-image-4683\" src=\"https:\/\/www.rontgen.com\/metod\/wp-content\/uploads\/2017\/03\/ulj_njurteknik_i_labbet-100x72.jpg\" alt=\"Ultraljud njurteknik i labbet\" width=\"150\" height=\"109\" srcset=\"https:\/\/www.rontgen.com\/metod\/wp-content\/uploads\/2017\/03\/ulj_njurteknik_i_labbet-100x72.jpg 100w, https:\/\/www.rontgen.com\/metod\/wp-content\/uploads\/2017\/03\/ulj_njurteknik_i_labbet.jpg 160w\" sizes=\"auto, (max-width: 150px) 100vw, 150px\" \/><\/a>[<span style=\"color: #008080;\"><a style=\"color: #008080;\" href=\"https:\/\/www.rontgen.com\/metod\/wp-content\/uploads\/2017\/03\/Ultraljud-njurteknik-i-labbet.pdf\" target=\"_blank\" rel=\"noopener\">Ultraljud njurteknik i labbet<\/a>] <\/span><span style=\"font-size: 10pt;\">(PDF, 9Mb)<\/span> av <span style=\"color: #008080;\">Catherine O.<\/span> sonograf<em>.<\/em><\/p>\n<p><span style=\"color: #008080;\">Inneh\u00e5ll<\/span>:<\/p>\n<ul>\n<li>Njurcysta\/pyramid<\/li>\n<li>Teknik f\u00f6r att f\u00e5 de b\u00e4sta bilderna<\/li>\n<li>Andningsteknik<\/li>\n<li>Gain<\/li>\n<li>Falska tum\u00f6rer<\/li>\n<li>Dynamik range Db (kontrastrik bild)<\/li>\n<li>F\u00f6rklaring till patientens f\u00f6rh\u00f6jda kreatinin<\/li>\n<li>Karakterisera en f\u00f6r\u00e4ndring<\/li>\n<li>Kontrastf\u00f6rst\u00e4rkt ultraljud&#8230;<\/li>\n<\/ul>\n<hr \/>\n<p><span style=\"font-size: 18pt;\"><strong>Ultraljudsteknik i labbet<\/strong><\/span><\/p>\n<p><a href=\"https:\/\/www.rontgen.com\/metod\/wp-content\/uploads\/2025\/12\/Ultraljud-teknik-i-labbet.pdf\" target=\"_blank\" rel=\"noopener\"><img loading=\"lazy\" decoding=\"async\" class=\"alignright wp-image-4675\" src=\"https:\/\/www.rontgen.com\/metod\/wp-content\/uploads\/2014\/02\/ulj_teknik_i_labbet-100x72.jpg\" alt=\"Ultraljudsteknik i labbet\" width=\"150\" height=\"109\" srcset=\"https:\/\/www.rontgen.com\/metod\/wp-content\/uploads\/2014\/02\/ulj_teknik_i_labbet-100x72.jpg 100w, https:\/\/www.rontgen.com\/metod\/wp-content\/uploads\/2014\/02\/ulj_teknik_i_labbet.jpg 160w\" sizes=\"auto, (max-width: 150px) 100vw, 150px\" \/><\/a>[<span style=\"color: #008080;\"><a style=\"color: #008080;\" href=\"https:\/\/www.rontgen.com\/metod\/wp-content\/uploads\/2025\/12\/Ultraljud-teknik-i-labbet.pdf\" target=\"_blank\" rel=\"noopener\">Ultraljud teknik i labbet<\/a><\/span>] <span style=\"font-size: 10pt;\">(PDF, 10,3Mb)<\/span> av <span style=\"color: #008080;\">Catherine O.<\/span><em> s<\/em>onograf.<\/p>\n<p><span style=\"color: #008080;\">Inneh\u00e5ll<\/span>:<\/p>\n<ul>\n<li>Gainknapp och Time Gain Compensation<\/li>\n<li>Transducerval med praktiska applikationer<\/li>\n<li>Grundl\u00e4ggande principer<\/li>\n<li>Falldokumentation<\/li>\n<li>Praktiska \u00e5tg\u00e4rder f\u00f6r bildf\u00f6rb\u00e4ttring<\/li>\n<li>Scanning-teknik (Helsingborgs metod)<\/li>\n<li>Tekniska \u00e5tg\u00e4rder f\u00f6r bildf\u00f6rb\u00e4ttring<\/li>\n<li>Choledochus-teknik<\/li>\n<li>Knappar som g\u00f6r livet l\u00e4ttare&#8230;<\/li>\n<\/ul>\n<hr \/>\n<p><span style=\"font-size: 18pt;\"><strong>Fr\u00e5gor?<\/strong><\/span><\/p>\n<p>Har du funderingar kring hur man p\u00e5 ett bra s\u00e4tt genomf\u00f6r en ultraljudsunders\u00f6kning, teknik, \u00e5sikter om dessa ovan beskrivna metoder, mm. s\u00e5 skriv en rad.<br \/>\nDet \u00e4r inte s\u00e4ker du f\u00e5r ett svar.<br \/>\nDitt meddelande skickas till <span style=\"color: #008080;\">Catherine O<\/span>. som \u00e4r ansvarig f\u00f6r dessa ovan beskrivna ultraljudsmetoder.<\/p>\n<p>Vill du meddela n\u00e5got s\u00e5 finns <span style=\"color: #008080;\">vissa krav<\/span>:<\/p>\n<ul>\n<li>Du f\u00e5r ev. inget svar d\u00e5 fr\u00e5gor och svar \u00e4r f\u00f6rbeh\u00e5llet ut\u00f6vare och unders\u00f6kande personal<span style=\"font-size: 10pt;\"> (l\u00e4kare, sonograf, mm.)<\/span>\u00a0inom sjukv\u00e5rden.<\/li>\n<li>Det ska vara relaterat till ovan beskrivna metoder.<\/li>\n<li>Enbart meddelande som r\u00f6r ultraljudsteknik och unders\u00f6kningsmetod.<\/li>\n<li>Inga fr\u00e5gor som r\u00f6r svar eller fynd fr\u00e5n egen unders\u00f6kning <span style=\"font-size: 10pt;\">(som patient)<\/span>\u00a0svaras p\u00e5.<\/li>\n<\/ul>\n\n<div class=\"wpcf7 no-js\" id=\"wpcf7-f9544-o1\" lang=\"en-US\" dir=\"ltr\" data-wpcf7-id=\"9544\">\n<div class=\"screen-reader-response\"><p role=\"status\" aria-live=\"polite\" aria-atomic=\"true\"><\/p> <ul><\/ul><\/div>\n<form action=\"\/metod\/wp-json\/wp\/v2\/pages\/9046#wpcf7-f9544-o1\" method=\"post\" class=\"wpcf7-form init\" aria-label=\"Contact form\" novalidate=\"novalidate\" data-status=\"init\">\n<fieldset class=\"hidden-fields-container\"><input type=\"hidden\" name=\"_wpcf7\" value=\"9544\" \/><input type=\"hidden\" name=\"_wpcf7_version\" value=\"6.1.5\" \/><input type=\"hidden\" name=\"_wpcf7_locale\" value=\"en_US\" \/><input type=\"hidden\" name=\"_wpcf7_unit_tag\" value=\"wpcf7-f9544-o1\" \/><input type=\"hidden\" name=\"_wpcf7_container_post\" value=\"0\" \/><input type=\"hidden\" name=\"_wpcf7_posted_data_hash\" value=\"\" \/>\n<\/fieldset>\n\n<p>Ditt namn <span style=\"font-size: 10pt; color: red;\">(obligatorisk)<\/span>\n<\/p>\n<p><span class=\"wpcf7-form-control-wrap\" data-name=\"your-name\"><input size=\"40\" maxlength=\"400\" class=\"wpcf7-form-control wpcf7-text wpcf7-validates-as-required\" aria-required=\"true\" aria-invalid=\"false\" value=\"\" type=\"text\" name=\"your-name\" \/><\/span>\n<\/p>\n<p>Ditt meddelande <span style=\"font-size: 10pt; color: red;\">(obligatorisk)<\/span>\n<\/p>\n<p><span class=\"wpcf7-form-control-wrap\" data-name=\"your-message\"><textarea cols=\"40\" rows=\"10\" maxlength=\"2000\" class=\"wpcf7-form-control wpcf7-textarea wpcf7-validates-as-required\" aria-required=\"true\" aria-invalid=\"false\" name=\"your-message\"><\/textarea><\/span>\n<\/p>\n<p><input class=\"wpcf7-form-control wpcf7-submit has-spinner\" type=\"submit\" value=\"Skicka\" \/>\n<\/p>\n<p><span class=\"wpcf7-form-control-wrap\" data-name=\"acceptance-813\"><span class=\"wpcf7-form-control wpcf7-acceptance\"><span class=\"wpcf7-list-item\"><input type=\"checkbox\" name=\"acceptance-813\" value=\"1\" aria-invalid=\"false\" \/><\/span><\/span><\/span>\n\t<font color=\"red\"> Klicka i denna ruta f\u00f6r att kunna skicka meddelandet!\n\t<\/font>\n<\/p><p style=\"display: none !important;\" class=\"akismet-fields-container\" data-prefix=\"_wpcf7_ak_\"><label>&#916;<textarea name=\"_wpcf7_ak_hp_textarea\" cols=\"45\" rows=\"8\" maxlength=\"100\"><\/textarea><\/label><input type=\"hidden\" id=\"ak_js_1\" name=\"_wpcf7_ak_js\" value=\"132\"\/><script>document.getElementById( \"ak_js_1\" ).setAttribute( \"value\", ( new Date() ).getTime() );<\/script><\/p><div class=\"wpcf7-response-output\" aria-hidden=\"true\"><\/div>\n<\/form>\n<\/div>\n\n","protected":false},"excerpt":{"rendered":"<p>Dessa beskrivningar av olika ultraljudstekniker \u00e4r utf\u00f6rd av Catherine Olsson, diagnostic medical sonographer (Helsingborgs lasarett), med m\u00e5nga \u00e5rs erfarenhet av ultraljudsunders\u00f6kningar. L\u00e4mna g\u00e4rna ett omd\u00f6me<\/p>\n","protected":false},"author":1,"featured_media":0,"parent":0,"menu_order":0,"comment_status":"closed","ping_status":"closed","template":"","meta":{"footnotes":""},"class_list":["post-9046","page","type-page","status-publish","hentry"],"_links":{"self":[{"href":"https:\/\/www.rontgen.com\/metod\/wp-json\/wp\/v2\/pages\/9046","targetHints":{"allow":["GET"]}}],"collection":[{"href":"https:\/\/www.rontgen.com\/metod\/wp-json\/wp\/v2\/pages"}],"about":[{"href":"https:\/\/www.rontgen.com\/metod\/wp-json\/wp\/v2\/types\/page"}],"author":[{"embeddable":true,"href":"https:\/\/www.rontgen.com\/metod\/wp-json\/wp\/v2\/users\/1"}],"replies":[{"embeddable":true,"href":"https:\/\/www.rontgen.com\/metod\/wp-json\/wp\/v2\/comments?post=9046"}],"version-history":[{"count":0,"href":"https:\/\/www.rontgen.com\/metod\/wp-json\/wp\/v2\/pages\/9046\/revisions"}],"wp:attachment":[{"href":"https:\/\/www.rontgen.com\/metod\/wp-json\/wp\/v2\/media?parent=9046"}],"curies":[{"name":"wp","href":"https:\/\/api.w.org\/{rel}","templated":true}]}}