{"id":5253,"date":"2023-10-09T23:34:03","date_gmt":"2023-10-09T22:34:03","guid":{"rendered":"https:\/\/www.rontgen.com\/metod\/?page_id=5253"},"modified":"2024-10-12T01:50:06","modified_gmt":"2024-10-11T23:50:06","slug":"barium","status":"publish","type":"page","link":"https:\/\/www.rontgen.com\/metod\/undersokningar\/barium\/","title":{"rendered":"Barium"},"content":{"rendered":"<p style=\"text-align: left;\"><span style=\"color: #008080;\">Barium<\/span> <span style=\"font-size: 10pt;\">(Mixobar, mfl.)<\/span> \u00e4r en <span style=\"color: #008080;\">icke-vattenl\u00f6slig<\/span> <span style=\"color: #008080;\">suspension<\/span> <span style=\"color: #008080;\">bariumsulfatpartiklar<\/span><sup class=\"modern-footnotes-footnote \" data-mfn=\"1\" data-mfn-post-scope=\"00000000745d773f00000000533af4f3_5253\"><a href=\"javascript:void(0)\"  role=\"button\" aria-pressed=\"false\" aria-describedby=\"mfn-content-00000000745d773f00000000533af4f3_5253-1\">1<\/a><\/sup><span id=\"mfn-content-00000000745d773f00000000533af4f3_5253-1\" role=\"tooltip\" class=\"modern-footnotes-footnote__note\" tabindex=\"0\" data-mfn=\"1\"><span style=\"color: #993300;\">Bariumsulfat \u00e4r en kemisk f\u00f6rening mellan barium, svavel och oxygen och har kemiska formeln BaSO<sub>4<\/sub>.<\/span><\/span> <span style=\"font-size: 10pt;\">(0,1-0,3\u00b5m)<\/span> uppslammad i vatten och anv\u00e4nds som kontrastmedel <span style=\"color: #008080;\">f\u00f6r mag-tarmunders\u00f6kningar<\/span>, med mestadels konventionell r\u00f6ntgen, d\u00e4r den d\u00e5 kan blandas upp ytterligare med vanligt vatten innan distribution. F\u00f6rutom Barium inneh\u00e5ller<br \/>\nFlertalet andra Bariumf\u00f6reningar <span style=\"font-size: 10pt;\">(nitrater)<\/span> \u00e4r giftiga och anv\u00e4nds till helt andra saker som tex. fyrverkerier, sorkgift, glans p\u00e5 pappersfoto, mm.<\/p>\n<p><span style=\"font-size: 18pt;\"><strong>Anv\u00e4ndningsomr\u00e5de<\/strong><\/span><\/p>\n<p style=\"text-align: left;\">Bariumkontrast <span style=\"font-size: 10pt;\">(Bariumsulfat)<\/span> \u00e4r en uppslammad l\u00f6sning av grund\u00e4mnet barium <span style=\"font-size: 10pt;\">(baryt)<\/span> som som \u00e4r extremt <span style=\"color: #008080;\">ol\u00f6sligt i vatten<\/span> och tas inte upp av kroppen utan distribueras ut i sin helhet.<br \/>\nBarium absorberas inte till blodbanorna fr\u00e5n tarmen.<br \/>\nDetta kontrastmedel \u00e4r s\u00e5ledes <span style=\"color: #008080;\">enbart avsedd f\u00f6r diagnostik av mage och tarmar<\/span>.<br \/>\nVid tillf\u00e4llen d\u00e4r\u00a0 misstanke om tarml\u00e4ckage eller efter operation d\u00e4r \u00f6ppning ut fr\u00e5n tarmen kan f\u00f6rekomma anv\u00e4nds vattenl\u00f6slig kontrast i st\u00e4llet <span style=\"font-size: 10pt;\">(jodkontrast)<\/span>.<br \/>\nBarium utg\u00f6rs som uppblandad v\u00e4tska \u00e4ven av en m\u00e4ngd inaktiva till\u00e4ggs\u00e4mnen<sup class=\"modern-footnotes-footnote \" data-mfn=\"2\" data-mfn-post-scope=\"00000000745d773f00000000533af4f3_5253\"><a href=\"javascript:void(0)\"  role=\"button\" aria-pressed=\"false\" aria-describedby=\"mfn-content-00000000745d773f00000000533af4f3_5253-2\">2<\/a><\/sup><span id=\"mfn-content-00000000745d773f00000000533af4f3_5253-2\" role=\"tooltip\" class=\"modern-footnotes-footnote__note\" tabindex=\"0\" data-mfn=\"2\"><span style=\"color: #993300;\">Akacia, citronsyra, saltsyra syra, naturlig och konstgjord vaniljsmak, polysorbat 80, kalium klorid, kaliumsorbat, renat vatten, sackarinnatrium, simetikon emulsion, natriumbensoat, natriumkarragenan, natriumcitrat, sorbitol l\u00f6sning och xantangummi, mm.<\/span><\/span> som \u00e4r <span style=\"color: #008080;\">luktfri och smakl\u00f6s<\/span>.<\/p>\n<p><span style=\"font-size: 18pt;\"><strong>Bildegenskaper<\/strong><\/span><\/p>\n<p>Bariumkontrast ger en <span style=\"color: #008080;\">positiv kontrasteffekt<\/span> d\u00e4r r\u00f6ntgenstr\u00e5len attenueras <span style=\"font-size: 10pt;\">(f\u00f6rsvagas)<\/span> kraftigt vid passage genom organ inneh\u00e5llande Bariumkontrast.<\/p>\n<p><span style=\"font-size: 18pt;\"><strong>Uts\u00f6ndring<\/strong><\/span><\/p>\n<p style=\"text-align: left;\">Bariumkontrast absorberas inte i kroppen utan l\u00e4mnar i helhet kroppen via avf\u00f6ringen.<\/p>\n<p><span style=\"font-size: 18pt;\"><strong>Indikation<\/strong><\/span><\/p>\n<p>Barium anv\u00e4nds enbart till r\u00f6ntgen av <span style=\"color: #008080;\">mag-tarmkanalen<\/span> <span style=\"font-size: 10pt;\">(matstrupe, mags\u00e4ck, tunntarmar, tjocktarm och \u00e4ndtarmen)<\/span>.<\/p>\n<p style=\"text-align: left;\"><span style=\"font-size: 18pt;\"><strong>Unders\u00f6kning<\/strong><\/span><\/p>\n<p>Allergiska reaktionen mot Barium \u00e4r <span style=\"color: #008080;\">extremt s\u00e4llsynta<\/span>.<br \/>\nPatienter som tidigare visat n\u00e5gon form av <span style=\"color: #008080;\">allergisk reaktion<\/span><sup class=\"modern-footnotes-footnote \" data-mfn=\"3\" data-mfn-post-scope=\"00000000745d773f00000000533af4f3_5253\"><a href=\"javascript:void(0)\"  role=\"button\" aria-pressed=\"false\" aria-describedby=\"mfn-content-00000000745d773f00000000533af4f3_5253-3\">3<\/a><\/sup><span id=\"mfn-content-00000000745d773f00000000533af4f3_5253-3\" role=\"tooltip\" class=\"modern-footnotes-footnote__note\" tabindex=\"0\" data-mfn=\"3\"><span style=\"color: #993300;\">Rinit, astma, eksem, urtikaria, kl\u00e5da, erytem, mm.<\/span><\/span> f\u00f6r Barium b\u00f6r erbjudas annat kontrastmedel vid en r\u00f6ntgenunders\u00f6kning. Om anv\u00e4ndning av Barium trotts tidigare reaktion b\u00f6r patienten premedicineras f\u00f6r detta.<br \/>\nF\u00f6r <span style=\"color: #008080;\">premedicineringen<\/span> anv\u00e4nds oftast en kombination av <span style=\"color: #008080;\">antihistamin<\/span>&#8211; och <span style=\"color: #008080;\">kortisonpreparat<\/span> <span style=\"font-size: 10pt;\">(glucokortokoid)<\/span>. som patienten tar i hemmet n\u00e5gon dag innan unders\u00f6kningen. Vid akut unders\u00f6kning ges denna premedicinering p\u00e5 sjukhuset strax innan unders\u00f6kningen p\u00e5b\u00f6rjas.<\/p>\n<p>Den vanligaste effekten av Barium patienten kan m\u00e4rka av \u00e4r ev. <span style=\"color: #008080;\">obstipation<\/span><span style=\"font-size: 10pt;\"> (f\u00f6rstoppning)<\/span> som upptr\u00e4der i <span style=\"color: #008080;\">20%<\/span> av fallen <span style=\"font-size: 10pt;\">(FASS)<\/span>. F\u00f6r detta kan patienten erh\u00e5lla n\u00e5gon form av l\u00e4ttare laxermedel om m\u00e4rkbar tendens till f\u00f6rstoppning sker.<br \/>\nDetta m\u00e4rks dock f\u00f6rst efter 2-3 dagar d\u00e5 tarmen initialt efter unders\u00f6kningen, \u00e4r tom p\u00e5 inneh\u00e5ll.<\/p>\n<p><strong>Kontraindikationer f\u00f6r anv\u00e4ndning av jodkontrast<\/strong><\/p>\n<ul>\n<li>Vid misstanke p\u00e5 l\u00e4ckage <span style=\"font-size: 10pt;\">(perforation)<\/span> fr\u00e5n mag-tarmkanalen som d\u00e5 kan g\u00f6ra att barium kommer utanf\u00f6r tarmsystemet till exv. bukh\u00e5lan.<br \/>\nDetta \u00e4mne tas inte upp och avl\u00e4gsnas ut ur kroppen om det kommer utanf\u00f6r Mag-tarmkanalen.<\/li>\n<\/ul>\n<p><strong>F\u00f6rsiktighet<\/strong><\/p>\n<ul style=\"text-align: left;\">\n<li>Om Barium tas peroralt <span style=\"font-size: 10pt;\">(via munnen)<\/span> vid <span style=\"color: #008080;\">pylorus-stenos<\/span> eller allvarliga <span style=\"color: #008080;\">besv\u00e4r med ventrikelt\u00f6mningen<\/span> <span style=\"font-size: 10pt;\">(mags\u00e4cken)<\/span>.<\/li>\n<li><span style=\"color: #008080;\">\u00c4ldre och svagare patienter<\/span> med st\u00f6rre risk f\u00f6r felsv\u00e4ljning.<\/li>\n<li>D\u00e5 det finns \u00f6kad <span style=\"color: #008080;\">risk f\u00f6r aspiration<\/span> <span style=\"font-size: 10pt;\">(f\u00e5r kontrasten i luftv\u00e4garna).<br \/>\n<span style=\"font-size: 12pt;\">Sm\u00e5 m\u00e4ngder bariumkontrast i bronkerna <span style=\"font-size: 10pt;\">(luftv\u00e4garna)<\/span> f\u00f6rsvinner i regel snabbt och orsakar s\u00e4llan allvarligare besv\u00e4r.<\/span><\/span><\/li>\n<li>Vid n\u00e5gon form av <span style=\"color: #008080;\">operativt ingrepp<\/span> i \u00e4ndtarmen eller str\u00e5lbehandling mot \u00e4ndtarm eller prostata senaste tiden.<\/li>\n<li>Barium ska inte tas rektalt <span style=\"font-size: 10pt;\">(via \u00e4ndtarmen)<\/span> vid <span style=\"color: #008080;\">toxisk megacolon<\/span>.<\/li>\n<li><span style=\"color: #008080;\">Gravida<\/span> vid rektal administrering.<\/li>\n<\/ul>\n<p><strong>Gravid<\/strong><\/p>\n<ul>\n<li>Barium p\u00e5verkar inte <span style=\"color: #008080;\">amningen<\/span>.<\/li>\n<\/ul>\n<p style=\"text-align: left;\"><span style=\"font-size: 18pt;\"><strong>F\u00f6rberedelser<\/strong><\/span><\/p>\n<ul style=\"text-align: left;\">\n<li>Inga.<\/li>\n<\/ul>\n<p style=\"text-align: left;\"><span style=\"font-size: 18pt;\"><strong>Biverkningar<\/strong><\/span><\/p>\n<ul>\n<li>Bariumkontrast har <span style=\"color: #008080;\">inga generella biverkningar<\/span> <span style=\"font-size: 10pt;\">(finns f\u00e5 rapporter om allergiska reaktion)<\/span>.<\/li>\n<li>Procedurrelaterade komplikationer f\u00f6rekommer desto mer.<\/li>\n<li>Det f\u00f6rekommer, trots <span style=\"color: #008080;\">s\u00e4llsynt<\/span>, att personer reagerar allergiskt mot ingredienser i den uppslammade bariumsulfatet.<br \/>\nF\u00f6rdr\u00f6jd reaktion kan f\u00f6rekomma <span style=\"font-size: 10pt;\">(cirka 1 av 1 000 000)<\/span> och d\u00f6dsfall <span style=\"font-size: 10pt;\">(cirka 1 p\u00e5 10 000 000)<\/span>.<\/li>\n<li>Barium i <span style=\"color: #008080;\">mediastinum eller peritoneum<\/span> ger <span style=\"color: #008080;\">adherenser eller granulom<\/span>.<\/li>\n<li>Kommer Barium ut <span style=\"color: #008080;\">i blodbanan<\/span> <span style=\"font-size: 10pt;\">(tarmperforation)<\/span> kan detta medf\u00f6ra <span style=\"color: #008080;\">embolier<\/span> i m\u00e5lorganen.<\/li>\n<li>Hosta vid aspiration <span style=\"font-size: 10pt;\">(\u00f6verg\u00e5ende)<\/span>.<\/li>\n<\/ul>\n<p style=\"text-align: left;\"><span style=\"font-size: 18pt;\"><strong>Efter unders\u00f6kningen<\/strong><\/span><\/p>\n<ul>\n<li style=\"text-align: left;\">Dricka rikligt f\u00f6r att f\u00f6rhindra ev. f\u00f6rstoppning av Bariumkontrasten.<\/li>\n<\/ul>\n<p><span style=\"font-size: 18pt;\"><strong>L\u00e4s mer<\/strong><\/span><\/p>\n<ul>\n<li>[<span style=\"color: #008080;\"><a style=\"color: #008080;\" href=\"https:\/\/www.fass.se\/LIF\/startpage?userType=2\" target=\"_blank\" rel=\"noopener\">FASS<\/a><\/span>] <span style=\"font-size: 10pt;\">(Farmaceutiska Specialiteter i Sverige).<\/span><\/li>\n<\/ul>\n<p><span style=\"font-size: 8pt; color: #999999;\">01\/15\/2024<\/span><\/p>\n","protected":false},"excerpt":{"rendered":"<p>Barium (Mixobar, mfl.) \u00e4r en icke-vattenl\u00f6slig suspension bariumsulfatpartiklar (0,1-0,3\u00b5m) uppslammad i vatten och anv\u00e4nds som kontrastmedel f\u00f6r mag-tarmunders\u00f6kningar, med mestadels konventionell r\u00f6ntgen, d\u00e4r den d\u00e5<\/p>\n","protected":false},"author":1,"featured_media":0,"parent":2464,"menu_order":0,"comment_status":"closed","ping_status":"closed","template":"","meta":{"footnotes":""},"class_list":["post-5253","page","type-page","status-publish","hentry"],"_links":{"self":[{"href":"https:\/\/www.rontgen.com\/metod\/wp-json\/wp\/v2\/pages\/5253","targetHints":{"allow":["GET"]}}],"collection":[{"href":"https:\/\/www.rontgen.com\/metod\/wp-json\/wp\/v2\/pages"}],"about":[{"href":"https:\/\/www.rontgen.com\/metod\/wp-json\/wp\/v2\/types\/page"}],"author":[{"embeddable":true,"href":"https:\/\/www.rontgen.com\/metod\/wp-json\/wp\/v2\/users\/1"}],"replies":[{"embeddable":true,"href":"https:\/\/www.rontgen.com\/metod\/wp-json\/wp\/v2\/comments?post=5253"}],"version-history":[{"count":0,"href":"https:\/\/www.rontgen.com\/metod\/wp-json\/wp\/v2\/pages\/5253\/revisions"}],"up":[{"embeddable":true,"href":"https:\/\/www.rontgen.com\/metod\/wp-json\/wp\/v2\/pages\/2464"}],"wp:attachment":[{"href":"https:\/\/www.rontgen.com\/metod\/wp-json\/wp\/v2\/media?parent=5253"}],"curies":[{"name":"wp","href":"https:\/\/api.w.org\/{rel}","templated":true}]}}