{"id":1328,"date":"2012-09-12T23:20:34","date_gmt":"2012-09-12T22:20:34","guid":{"rendered":"http:\/\/www.rontgen.com\/metod\/?page_id=1328"},"modified":"2025-02-11T00:01:54","modified_gmt":"2025-02-10T23:01:54","slug":"kontakta-oss","status":"publish","type":"page","link":"https:\/\/www.rontgen.com\/metod\/kontakta-oss\/","title":{"rendered":"Kontakta oss"},"content":{"rendered":"<h3>Kontakta oss h\u00e4r<\/h3>\n<p>Om du har \u00e5sikter eller f\u00f6rslag p\u00e5 de metoder vi visar h\u00e4r s\u00e5 h\u00f6r g\u00e4rna av dig.<br \/>\nOm du har fr\u00e5gor kring en metod s\u00e5 se v\u00e5r [<a href=\"https:\/\/www.rontgen.com\/wp-doctor\/\" target=\"_blank\" rel=\"noopener\"><span style=\"color: #008080;\">Fr\u00e5ga R\u00f6ntgendoktorn<\/span><\/a>] sajt.<\/p>\n\n<div class=\"wpcf7 no-js\" id=\"wpcf7-f1062-o1\" lang=\"en-US\" dir=\"ltr\" data-wpcf7-id=\"1062\">\n<div class=\"screen-reader-response\"><p role=\"status\" aria-live=\"polite\" aria-atomic=\"true\"><\/p> <ul><\/ul><\/div>\n<form action=\"\/metod\/wp-json\/wp\/v2\/pages\/1328#wpcf7-f1062-o1\" method=\"post\" class=\"wpcf7-form init\" aria-label=\"Contact form\" novalidate=\"novalidate\" data-status=\"init\">\n<fieldset class=\"hidden-fields-container\"><input type=\"hidden\" name=\"_wpcf7\" value=\"1062\" \/><input type=\"hidden\" name=\"_wpcf7_version\" value=\"6.1.5\" \/><input type=\"hidden\" name=\"_wpcf7_locale\" value=\"en_US\" \/><input type=\"hidden\" name=\"_wpcf7_unit_tag\" value=\"wpcf7-f1062-o1\" \/><input type=\"hidden\" name=\"_wpcf7_container_post\" value=\"0\" \/><input type=\"hidden\" name=\"_wpcf7_posted_data_hash\" value=\"\" \/>\n<\/fieldset>\n\n<p>Ditt namn\n<\/p>\n<p><span class=\"wpcf7-form-control-wrap\" data-name=\"your-name\"><input size=\"40\" maxlength=\"400\" class=\"wpcf7-form-control wpcf7-text\" aria-invalid=\"false\" value=\"\" type=\"text\" name=\"your-name\" \/><\/span>\n<\/p>\n<p>Ditt meddelande (obligatorisk)\n<\/p>\n<p><span class=\"wpcf7-form-control-wrap\" data-name=\"your-message\"><textarea cols=\"40\" rows=\"10\" maxlength=\"2000\" class=\"wpcf7-form-control wpcf7-textarea wpcf7-validates-as-required\" aria-required=\"true\" aria-invalid=\"false\" name=\"your-message\"><\/textarea><\/span>\n<\/p>\n<p><input class=\"wpcf7-form-control wpcf7-submit has-spinner\" type=\"submit\" value=\"Skicka\" \/>\n<\/p>\n<p><span class=\"wpcf7-form-control-wrap\" data-name=\"acceptance-813\"><span class=\"wpcf7-form-control wpcf7-acceptance\"><span class=\"wpcf7-list-item\"><input type=\"checkbox\" name=\"acceptance-813\" value=\"1\" aria-invalid=\"false\" \/><\/span><\/span><\/span>\n\t<font color=\"red\">Klicka i denna ruta f\u00f6r att kunna skicka meddelandet!\n\t<\/font>\n<\/p><p style=\"display: none !important;\" class=\"akismet-fields-container\" data-prefix=\"_wpcf7_ak_\"><label>&#916;<textarea name=\"_wpcf7_ak_hp_textarea\" cols=\"45\" rows=\"8\" maxlength=\"100\"><\/textarea><\/label><input type=\"hidden\" id=\"ak_js_1\" name=\"_wpcf7_ak_js\" value=\"101\"\/><script>document.getElementById( \"ak_js_1\" ).setAttribute( \"value\", ( new Date() ).getTime() );<\/script><\/p><div class=\"wpcf7-response-output\" aria-hidden=\"true\"><\/div>\n<\/form>\n<\/div>\n\n","protected":false},"excerpt":{"rendered":"<p>Kontakta oss h\u00e4r Om du har \u00e5sikter eller f\u00f6rslag p\u00e5 de metoder vi visar h\u00e4r s\u00e5 h\u00f6r g\u00e4rna av dig. Om du har fr\u00e5gor kring<\/p>\n","protected":false},"author":1,"featured_media":0,"parent":0,"menu_order":1,"comment_status":"closed","ping_status":"closed","template":"","meta":{"footnotes":""},"class_list":["post-1328","page","type-page","status-publish","hentry"],"_links":{"self":[{"href":"https:\/\/www.rontgen.com\/metod\/wp-json\/wp\/v2\/pages\/1328","targetHints":{"allow":["GET"]}}],"collection":[{"href":"https:\/\/www.rontgen.com\/metod\/wp-json\/wp\/v2\/pages"}],"about":[{"href":"https:\/\/www.rontgen.com\/metod\/wp-json\/wp\/v2\/types\/page"}],"author":[{"embeddable":true,"href":"https:\/\/www.rontgen.com\/metod\/wp-json\/wp\/v2\/users\/1"}],"replies":[{"embeddable":true,"href":"https:\/\/www.rontgen.com\/metod\/wp-json\/wp\/v2\/comments?post=1328"}],"version-history":[{"count":0,"href":"https:\/\/www.rontgen.com\/metod\/wp-json\/wp\/v2\/pages\/1328\/revisions"}],"wp:attachment":[{"href":"https:\/\/www.rontgen.com\/metod\/wp-json\/wp\/v2\/media?parent=1328"}],"curies":[{"name":"wp","href":"https:\/\/api.w.org\/{rel}","templated":true}]}}